{"id":148,"date":"2017-08-25T13:21:30","date_gmt":"2017-08-25T11:21:30","guid":{"rendered":"https:\/\/www.oldie-schuppen.de\/?page_id=148"},"modified":"2020-01-18T19:42:24","modified_gmt":"2020-01-18T18:42:24","slug":"links","status":"publish","type":"page","link":"https:\/\/www.oldie-schuppen.de\/?page_id=148","title":{"rendered":"Links"},"content":{"rendered":"<p>Hier findet Ihr Links zu Partnerseiten:<\/p>\n<p><a href=\"http:\/\/www.oldtimer-ig-schneverdingen.de\">www.oldtimer-ig-schneverdingen.de<\/a> ist unsere ans\u00e4ssige Oldtimer Interessengemeinschaft. Hier gibts auch die Fotos der j\u00e4hrlichen Ausstellung zu sehen.<\/p>\n","protected":false},"excerpt":{"rendered":"<p>Hier findet Ihr Links zu Partnerseiten: www.oldtimer-ig-schneverdingen.de ist unsere ans\u00e4ssige Oldtimer Interessengemeinschaft. Hier gibts auch die Fotos der j\u00e4hrlichen Ausstellung zu sehen.<\/p>\n","protected":false},"author":1,"featured_media":0,"parent":0,"menu_order":0,"comment_status":"closed","ping_status":"closed","template":"","meta":{"jetpack_post_was_ever_published":false,"footnotes":""},"class_list":["post-148","page","type-page","status-publish","hentry"],"jetpack_sharing_enabled":true,"jetpack_shortlink":"https:\/\/wp.me\/P95YvE-2o","jetpack-related-posts":[{"id":117,"url":"https:\/\/www.oldie-schuppen.de\/?page_id=117","url_meta":{"origin":148,"position":0},"title":"Impressum","author":"Dirk","date":"22. August 2017","format":false,"excerpt":"Impressum Dirk L\u00fcders Osterheide 18 29640 Schneverdingen Info@oldie-schuppen.de www.Oldie-Schuppen.de \u00a0 Rechtliche Hinweise Haftungsbeschr\u00e4nkung Die Seiteninhalte erstelle ich mit gr\u00f6\u00dftm\u00f6glicher Sorgfalt. Jedoch \u00fcbernehme ich keine Gew\u00e4hr f\u00fcr die Richtigkeit, Vollst\u00e4ndigkeit und Aktualit\u00e4t der von mir bereitgestellten Inhalte. Die Nutzung der Inhalte meiner Seite erfolgt auf eigene Gefahr des Nutzers. Mit der\u2026","rel":"","context":"\u00c4hnlicher Beitrag","block_context":{"text":"\u00c4hnlicher Beitrag","link":""},"img":{"alt_text":"","src":"","width":0,"height":0},"classes":[]},{"id":206,"url":"https:\/\/www.oldie-schuppen.de\/?page_id=206","url_meta":{"origin":148,"position":1},"title":"Datenschutzerkl\u00e4rung","author":"Dirk","date":"23. Mai 2018","format":false,"excerpt":"Wer wir sind Die Adresse unserer Website ist: https:\/\/oldie-schuppen.de\/. Welche personenbezogenen Daten wir sammeln und warum wir sie sammeln Kommentare Wenn Besucher Kommentare auf der Website schreiben, sammeln wir die Daten, die im Kommentar-Formular angezeigt werden, au\u00dferdem die IP-Adresse des Besuchers und den User-Agent-String (damit wird der Browser identifiziert), um\u2026","rel":"","context":"\u00c4hnlicher Beitrag","block_context":{"text":"\u00c4hnlicher Beitrag","link":""},"img":{"alt_text":"","src":"","width":0,"height":0},"classes":[]}],"_links":{"self":[{"href":"https:\/\/www.oldie-schuppen.de\/index.php?rest_route=\/wp\/v2\/pages\/148","targetHints":{"allow":["GET"]}}],"collection":[{"href":"https:\/\/www.oldie-schuppen.de\/index.php?rest_route=\/wp\/v2\/pages"}],"about":[{"href":"https:\/\/www.oldie-schuppen.de\/index.php?rest_route=\/wp\/v2\/types\/page"}],"author":[{"embeddable":true,"href":"https:\/\/www.oldie-schuppen.de\/index.php?rest_route=\/wp\/v2\/users\/1"}],"replies":[{"embeddable":true,"href":"https:\/\/www.oldie-schuppen.de\/index.php?rest_route=%2Fwp%2Fv2%2Fcomments&post=148"}],"version-history":[{"count":2,"href":"https:\/\/www.oldie-schuppen.de\/index.php?rest_route=\/wp\/v2\/pages\/148\/revisions"}],"predecessor-version":[{"id":277,"href":"https:\/\/www.oldie-schuppen.de\/index.php?rest_route=\/wp\/v2\/pages\/148\/revisions\/277"}],"wp:attachment":[{"href":"https:\/\/www.oldie-schuppen.de\/index.php?rest_route=%2Fwp%2Fv2%2Fmedia&parent=148"}],"curies":[{"name":"wp","href":"https:\/\/api.w.org\/{rel}","templated":true}]}}